{"id":96,"date":"2024-03-21T10:20:01","date_gmt":"2024-03-21T09:20:01","guid":{"rendered":"https:\/\/artifact.swiss\/page-daccueil\/"},"modified":"2025-01-13T20:37:29","modified_gmt":"2025-01-13T19:37:29","slug":"accueil","status":"publish","type":"page","link":"https:\/\/artifact.swiss\/fr\/","title":{"rendered":"Page d&rsquo;accueil"},"content":{"rendered":"","protected":false},"excerpt":{"rendered":"","protected":false},"author":1,"featured_media":0,"parent":0,"menu_order":0,"comment_status":"closed","ping_status":"closed","template":"","meta":{"_acf_changed":false,"inline_featured_image":false,"footnotes":""},"class_list":["post-96","page","type-page","status-publish","hentry"],"acf":[],"yoast_head":"<!-- This site is optimized with the Yoast SEO plugin v26.5 - https:\/\/yoast.com\/wordpress\/plugins\/seo\/ -->\n<title>Page d&#039;accueil - Artifact : nous impl\u00e9mentons l\u2019IA<\/title>\n<meta name=\"description\" content=\"Avec une approche centr\u00e9e sur le client, nous privil\u00e9gions des impl\u00e9mentations responsables qui allient qualit\u00e9, \u00e9chelle, rapidit\u00e9 et flexibilit\u00e9.\" \/>\n<meta name=\"robots\" content=\"index, follow, max-snippet:-1, max-image-preview:large, max-video-preview:-1\" \/>\n<link rel=\"canonical\" href=\"https:\/\/artifact.swiss\/fr\/\" \/>\n<meta property=\"og:locale\" content=\"fr_FR\" \/>\n<meta property=\"og:type\" content=\"article\" \/>\n<meta property=\"og:title\" content=\"Page d&#039;accueil - Artifact : nous impl\u00e9mentons l\u2019IA\" \/>\n<meta property=\"og:description\" content=\"Avec une approche centr\u00e9e sur le client, nous privil\u00e9gions des impl\u00e9mentations responsables qui allient qualit\u00e9, \u00e9chelle, rapidit\u00e9 et flexibilit\u00e9.\" \/>\n<meta property=\"og:url\" content=\"https:\/\/artifact.swiss\/fr\/\" \/>\n<meta property=\"og:site_name\" content=\"Artifact\" \/>\n<meta property=\"article:modified_time\" content=\"2025-01-13T19:37:29+00:00\" \/>\n<meta property=\"og:image\" content=\"https:\/\/artifact.swiss\/wp-content\/uploads\/2024\/06\/img_1200x675.png\" \/>\n\t<meta property=\"og:image:width\" content=\"1200\" \/>\n\t<meta property=\"og:image:height\" content=\"675\" \/>\n\t<meta property=\"og:image:type\" content=\"image\/png\" \/>\n<meta name=\"twitter:card\" content=\"summary_large_image\" \/>\n<script type=\"application\/ld+json\" class=\"yoast-schema-graph\">{\"@context\":\"https:\/\/schema.org\",\"@graph\":[{\"@type\":\"WebPage\",\"@id\":\"https:\/\/artifact.swiss\/fr\/\",\"url\":\"https:\/\/artifact.swiss\/fr\/\",\"name\":\"Page d'accueil - Artifact : nous impl\u00e9mentons l\u2019IA\",\"isPartOf\":{\"@id\":\"https:\/\/artifact.swiss\/fr\/#website\"},\"datePublished\":\"2024-03-21T09:20:01+00:00\",\"dateModified\":\"2025-01-13T19:37:29+00:00\",\"description\":\"Avec une approche centr\u00e9e sur le client, nous privil\u00e9gions des impl\u00e9mentations responsables qui allient qualit\u00e9, \u00e9chelle, rapidit\u00e9 et flexibilit\u00e9.\",\"breadcrumb\":{\"@id\":\"https:\/\/artifact.swiss\/fr\/#breadcrumb\"},\"inLanguage\":\"fr-FR\",\"potentialAction\":[{\"@type\":\"ReadAction\",\"target\":[\"https:\/\/artifact.swiss\/fr\/\"]}]},{\"@type\":\"BreadcrumbList\",\"@id\":\"https:\/\/artifact.swiss\/fr\/#breadcrumb\",\"itemListElement\":[{\"@type\":\"ListItem\",\"position\":1,\"name\":\"Startseite\",\"item\":\"https:\/\/artifact.swiss\/fr\/\"},{\"@type\":\"ListItem\",\"position\":2,\"name\":\"Page d&#8217;accueil\"}]},{\"@type\":\"WebSite\",\"@id\":\"https:\/\/artifact.swiss\/fr\/#website\",\"url\":\"https:\/\/artifact.swiss\/fr\/\",\"name\":\"Artifact Swiss\",\"description\":\"Artifact\",\"publisher\":{\"@id\":\"https:\/\/artifact.swiss\/fr\/#organization\"},\"alternateName\":\"Artifact Swiss\",\"inLanguage\":\"fr-FR\"},{\"@type\":\"Organization\",\"@id\":\"https:\/\/artifact.swiss\/fr\/#organization\",\"name\":\"Artifact Swiss\",\"alternateName\":\"Artifact Swiss\",\"url\":\"https:\/\/artifact.swiss\/fr\/\",\"logo\":{\"@type\":\"ImageObject\",\"inLanguage\":\"fr-FR\",\"@id\":\"https:\/\/artifact.swiss\/fr\/#\/schema\/logo\/image\/\",\"url\":\"https:\/\/artifact.swiss\/wp-content\/uploads\/2024\/06\/img_696x696.png\",\"contentUrl\":\"https:\/\/artifact.swiss\/wp-content\/uploads\/2024\/06\/img_696x696.png\",\"width\":696,\"height\":696,\"caption\":\"Artifact Swiss\"},\"image\":{\"@id\":\"https:\/\/artifact.swiss\/fr\/#\/schema\/logo\/image\/\"},\"sameAs\":[\"https:\/\/ch.linkedin.com\/company\/artifactswiss\"]}]}<\/script>\n<!-- \/ Yoast SEO plugin. -->","yoast_head_json":{"title":"Page d'accueil - Artifact : nous impl\u00e9mentons l\u2019IA","description":"Avec une approche centr\u00e9e sur le client, nous privil\u00e9gions des impl\u00e9mentations responsables qui allient qualit\u00e9, \u00e9chelle, rapidit\u00e9 et flexibilit\u00e9.","robots":{"index":"index","follow":"follow","max-snippet":"max-snippet:-1","max-image-preview":"max-image-preview:large","max-video-preview":"max-video-preview:-1"},"canonical":"https:\/\/artifact.swiss\/fr\/","og_locale":"fr_FR","og_type":"article","og_title":"Page d'accueil - Artifact : nous impl\u00e9mentons l\u2019IA","og_description":"Avec une approche centr\u00e9e sur le client, nous privil\u00e9gions des impl\u00e9mentations responsables qui allient qualit\u00e9, \u00e9chelle, rapidit\u00e9 et flexibilit\u00e9.","og_url":"https:\/\/artifact.swiss\/fr\/","og_site_name":"Artifact","article_modified_time":"2025-01-13T19:37:29+00:00","og_image":[{"width":1200,"height":675,"url":"https:\/\/artifact.swiss\/wp-content\/uploads\/2024\/06\/img_1200x675.png","type":"image\/png"}],"twitter_card":"summary_large_image","schema":{"@context":"https:\/\/schema.org","@graph":[{"@type":"WebPage","@id":"https:\/\/artifact.swiss\/fr\/","url":"https:\/\/artifact.swiss\/fr\/","name":"Page d'accueil - Artifact : nous impl\u00e9mentons l\u2019IA","isPartOf":{"@id":"https:\/\/artifact.swiss\/fr\/#website"},"datePublished":"2024-03-21T09:20:01+00:00","dateModified":"2025-01-13T19:37:29+00:00","description":"Avec une approche centr\u00e9e sur le client, nous privil\u00e9gions des impl\u00e9mentations responsables qui allient qualit\u00e9, \u00e9chelle, rapidit\u00e9 et flexibilit\u00e9.","breadcrumb":{"@id":"https:\/\/artifact.swiss\/fr\/#breadcrumb"},"inLanguage":"fr-FR","potentialAction":[{"@type":"ReadAction","target":["https:\/\/artifact.swiss\/fr\/"]}]},{"@type":"BreadcrumbList","@id":"https:\/\/artifact.swiss\/fr\/#breadcrumb","itemListElement":[{"@type":"ListItem","position":1,"name":"Startseite","item":"https:\/\/artifact.swiss\/fr\/"},{"@type":"ListItem","position":2,"name":"Page d&#8217;accueil"}]},{"@type":"WebSite","@id":"https:\/\/artifact.swiss\/fr\/#website","url":"https:\/\/artifact.swiss\/fr\/","name":"Artifact Swiss","description":"Artifact","publisher":{"@id":"https:\/\/artifact.swiss\/fr\/#organization"},"alternateName":"Artifact Swiss","inLanguage":"fr-FR"},{"@type":"Organization","@id":"https:\/\/artifact.swiss\/fr\/#organization","name":"Artifact Swiss","alternateName":"Artifact Swiss","url":"https:\/\/artifact.swiss\/fr\/","logo":{"@type":"ImageObject","inLanguage":"fr-FR","@id":"https:\/\/artifact.swiss\/fr\/#\/schema\/logo\/image\/","url":"https:\/\/artifact.swiss\/wp-content\/uploads\/2024\/06\/img_696x696.png","contentUrl":"https:\/\/artifact.swiss\/wp-content\/uploads\/2024\/06\/img_696x696.png","width":696,"height":696,"caption":"Artifact Swiss"},"image":{"@id":"https:\/\/artifact.swiss\/fr\/#\/schema\/logo\/image\/"},"sameAs":["https:\/\/ch.linkedin.com\/company\/artifactswiss"]}]}},"_links":{"self":[{"href":"https:\/\/artifact.swiss\/fr\/wp-json\/wp\/v2\/pages\/96","targetHints":{"allow":["GET"]}}],"collection":[{"href":"https:\/\/artifact.swiss\/fr\/wp-json\/wp\/v2\/pages"}],"about":[{"href":"https:\/\/artifact.swiss\/fr\/wp-json\/wp\/v2\/types\/page"}],"author":[{"embeddable":true,"href":"https:\/\/artifact.swiss\/fr\/wp-json\/wp\/v2\/users\/1"}],"replies":[{"embeddable":true,"href":"https:\/\/artifact.swiss\/fr\/wp-json\/wp\/v2\/comments?post=96"}],"version-history":[{"count":18,"href":"https:\/\/artifact.swiss\/fr\/wp-json\/wp\/v2\/pages\/96\/revisions"}],"predecessor-version":[{"id":969,"href":"https:\/\/artifact.swiss\/fr\/wp-json\/wp\/v2\/pages\/96\/revisions\/969"}],"wp:attachment":[{"href":"https:\/\/artifact.swiss\/fr\/wp-json\/wp\/v2\/media?parent=96"}],"curies":[{"name":"wp","href":"https:\/\/api.w.org\/{rel}","templated":true}]}}