{"id":585,"date":"2024-05-18T10:52:37","date_gmt":"2024-05-18T08:52:37","guid":{"rendered":"https:\/\/artifact.swiss\/?page_id=585"},"modified":"2024-06-24T10:54:34","modified_gmt":"2024-06-24T08:54:34","slug":"insights","status":"publish","type":"page","link":"https:\/\/artifact.swiss\/fr\/insights\/","title":{"rendered":"Aper\u00e7u"},"content":{"rendered":"\n<p>Pour suivre nos analyses les plus r\u00e9ventes, suivez Artifact sur <a href=\"https:\/\/www.linkedin.com\/company\/artifactswiss\/\" target=\"_blank\" rel=\"noreferrer noopener\">LinkedIn<\/a>. Vous trouverez ci-dessous les articles les plus r\u00e9cents.<\/p>\n\n\n\n<p><\/p>\n\n\n\n<p><\/p>\n\n\n\n<div style=\"height:30px\" aria-hidden=\"true\" class=\"wp-block-spacer\"><\/div>\n\n\n\n<div class='sk-ww-linkedin-page-post' data-embed-id='25418097'><\/div><script src='https:\/\/widgets.sociablekit.com\/linkedin-page-posts\/widget.js' defer><\/script>\n","protected":false},"excerpt":{"rendered":"<p>Pour suivre nos analyses les plus r\u00e9ventes, suivez Artifact sur LinkedIn. Vous trouverez ci-dessous les articles les plus r\u00e9cents.<\/p>\n","protected":false},"author":1,"featured_media":0,"parent":0,"menu_order":0,"comment_status":"closed","ping_status":"closed","template":"","meta":{"_acf_changed":false,"inline_featured_image":false,"footnotes":""},"class_list":["post-585","page","type-page","status-publish","hentry"],"acf":[],"yoast_head":"<!-- This site is optimized with the Yoast SEO plugin v26.5 - https:\/\/yoast.com\/wordpress\/plugins\/seo\/ -->\n<title>Aper\u00e7u - Artifact<\/title>\n<meta name=\"description\" content=\"Retrouvez ici les derni\u00e8res actualit\u00e9s d&#039;Artifact SA: votre partenaire AI et d&#039;int\u00e9gration digitale\" \/>\n<meta name=\"robots\" content=\"index, follow, max-snippet:-1, max-image-preview:large, max-video-preview:-1\" \/>\n<link rel=\"canonical\" href=\"https:\/\/artifact.swiss\/fr\/insights\/\" \/>\n<meta property=\"og:locale\" content=\"fr_FR\" \/>\n<meta property=\"og:type\" content=\"article\" \/>\n<meta property=\"og:title\" content=\"Aper\u00e7u - Artifact\" \/>\n<meta property=\"og:description\" content=\"Retrouvez ici les derni\u00e8res actualit\u00e9s d&#039;Artifact SA: votre partenaire AI et d&#039;int\u00e9gration digitale\" \/>\n<meta property=\"og:url\" content=\"https:\/\/artifact.swiss\/fr\/insights\/\" \/>\n<meta property=\"og:site_name\" content=\"Artifact\" \/>\n<meta property=\"article:modified_time\" content=\"2024-06-24T08:54:34+00:00\" \/>\n<meta property=\"og:image\" content=\"https:\/\/artifact.swiss\/wp-content\/uploads\/2024\/06\/img_1200x675.png\" \/>\n\t<meta property=\"og:image:width\" content=\"1200\" \/>\n\t<meta property=\"og:image:height\" content=\"675\" \/>\n\t<meta property=\"og:image:type\" content=\"image\/png\" \/>\n<meta name=\"twitter:card\" content=\"summary_large_image\" \/>\n<meta name=\"twitter:label1\" content=\"Dur\u00e9e de lecture estim\u00e9e\" \/>\n\t<meta name=\"twitter:data1\" content=\"1 minute\" \/>\n<script type=\"application\/ld+json\" class=\"yoast-schema-graph\">{\"@context\":\"https:\/\/schema.org\",\"@graph\":[{\"@type\":\"WebPage\",\"@id\":\"https:\/\/artifact.swiss\/fr\/insights\/\",\"url\":\"https:\/\/artifact.swiss\/fr\/insights\/\",\"name\":\"Aper\u00e7u - Artifact\",\"isPartOf\":{\"@id\":\"https:\/\/artifact.swiss\/fr\/#website\"},\"datePublished\":\"2024-05-18T08:52:37+00:00\",\"dateModified\":\"2024-06-24T08:54:34+00:00\",\"description\":\"Retrouvez ici les derni\u00e8res actualit\u00e9s d'Artifact SA: votre partenaire AI et d'int\u00e9gration digitale\",\"breadcrumb\":{\"@id\":\"https:\/\/artifact.swiss\/fr\/insights\/#breadcrumb\"},\"inLanguage\":\"fr-FR\",\"potentialAction\":[{\"@type\":\"ReadAction\",\"target\":[\"https:\/\/artifact.swiss\/fr\/insights\/\"]}]},{\"@type\":\"BreadcrumbList\",\"@id\":\"https:\/\/artifact.swiss\/fr\/insights\/#breadcrumb\",\"itemListElement\":[{\"@type\":\"ListItem\",\"position\":1,\"name\":\"Startseite\",\"item\":\"https:\/\/artifact.swiss\/fr\/\"},{\"@type\":\"ListItem\",\"position\":2,\"name\":\"Aper\u00e7u\"}]},{\"@type\":\"WebSite\",\"@id\":\"https:\/\/artifact.swiss\/fr\/#website\",\"url\":\"https:\/\/artifact.swiss\/fr\/\",\"name\":\"Artifact Swiss\",\"description\":\"Artifact\",\"publisher\":{\"@id\":\"https:\/\/artifact.swiss\/fr\/#organization\"},\"alternateName\":\"Artifact Swiss\",\"inLanguage\":\"fr-FR\"},{\"@type\":\"Organization\",\"@id\":\"https:\/\/artifact.swiss\/fr\/#organization\",\"name\":\"Artifact Swiss\",\"alternateName\":\"Artifact Swiss\",\"url\":\"https:\/\/artifact.swiss\/fr\/\",\"logo\":{\"@type\":\"ImageObject\",\"inLanguage\":\"fr-FR\",\"@id\":\"https:\/\/artifact.swiss\/fr\/#\/schema\/logo\/image\/\",\"url\":\"https:\/\/artifact.swiss\/wp-content\/uploads\/2024\/06\/img_696x696.png\",\"contentUrl\":\"https:\/\/artifact.swiss\/wp-content\/uploads\/2024\/06\/img_696x696.png\",\"width\":696,\"height\":696,\"caption\":\"Artifact Swiss\"},\"image\":{\"@id\":\"https:\/\/artifact.swiss\/fr\/#\/schema\/logo\/image\/\"},\"sameAs\":[\"https:\/\/ch.linkedin.com\/company\/artifactswiss\"]}]}<\/script>\n<!-- \/ Yoast SEO plugin. -->","yoast_head_json":{"title":"Aper\u00e7u - Artifact","description":"Retrouvez ici les derni\u00e8res actualit\u00e9s d'Artifact SA: votre partenaire AI et d'int\u00e9gration digitale","robots":{"index":"index","follow":"follow","max-snippet":"max-snippet:-1","max-image-preview":"max-image-preview:large","max-video-preview":"max-video-preview:-1"},"canonical":"https:\/\/artifact.swiss\/fr\/insights\/","og_locale":"fr_FR","og_type":"article","og_title":"Aper\u00e7u - Artifact","og_description":"Retrouvez ici les derni\u00e8res actualit\u00e9s d'Artifact SA: votre partenaire AI et d'int\u00e9gration digitale","og_url":"https:\/\/artifact.swiss\/fr\/insights\/","og_site_name":"Artifact","article_modified_time":"2024-06-24T08:54:34+00:00","og_image":[{"width":1200,"height":675,"url":"https:\/\/artifact.swiss\/wp-content\/uploads\/2024\/06\/img_1200x675.png","type":"image\/png"}],"twitter_card":"summary_large_image","twitter_misc":{"Dur\u00e9e de lecture estim\u00e9e":"1 minute"},"schema":{"@context":"https:\/\/schema.org","@graph":[{"@type":"WebPage","@id":"https:\/\/artifact.swiss\/fr\/insights\/","url":"https:\/\/artifact.swiss\/fr\/insights\/","name":"Aper\u00e7u - Artifact","isPartOf":{"@id":"https:\/\/artifact.swiss\/fr\/#website"},"datePublished":"2024-05-18T08:52:37+00:00","dateModified":"2024-06-24T08:54:34+00:00","description":"Retrouvez ici les derni\u00e8res actualit\u00e9s d'Artifact SA: votre partenaire AI et d'int\u00e9gration digitale","breadcrumb":{"@id":"https:\/\/artifact.swiss\/fr\/insights\/#breadcrumb"},"inLanguage":"fr-FR","potentialAction":[{"@type":"ReadAction","target":["https:\/\/artifact.swiss\/fr\/insights\/"]}]},{"@type":"BreadcrumbList","@id":"https:\/\/artifact.swiss\/fr\/insights\/#breadcrumb","itemListElement":[{"@type":"ListItem","position":1,"name":"Startseite","item":"https:\/\/artifact.swiss\/fr\/"},{"@type":"ListItem","position":2,"name":"Aper\u00e7u"}]},{"@type":"WebSite","@id":"https:\/\/artifact.swiss\/fr\/#website","url":"https:\/\/artifact.swiss\/fr\/","name":"Artifact Swiss","description":"Artifact","publisher":{"@id":"https:\/\/artifact.swiss\/fr\/#organization"},"alternateName":"Artifact Swiss","inLanguage":"fr-FR"},{"@type":"Organization","@id":"https:\/\/artifact.swiss\/fr\/#organization","name":"Artifact Swiss","alternateName":"Artifact Swiss","url":"https:\/\/artifact.swiss\/fr\/","logo":{"@type":"ImageObject","inLanguage":"fr-FR","@id":"https:\/\/artifact.swiss\/fr\/#\/schema\/logo\/image\/","url":"https:\/\/artifact.swiss\/wp-content\/uploads\/2024\/06\/img_696x696.png","contentUrl":"https:\/\/artifact.swiss\/wp-content\/uploads\/2024\/06\/img_696x696.png","width":696,"height":696,"caption":"Artifact Swiss"},"image":{"@id":"https:\/\/artifact.swiss\/fr\/#\/schema\/logo\/image\/"},"sameAs":["https:\/\/ch.linkedin.com\/company\/artifactswiss"]}]}},"_links":{"self":[{"href":"https:\/\/artifact.swiss\/fr\/wp-json\/wp\/v2\/pages\/585","targetHints":{"allow":["GET"]}}],"collection":[{"href":"https:\/\/artifact.swiss\/fr\/wp-json\/wp\/v2\/pages"}],"about":[{"href":"https:\/\/artifact.swiss\/fr\/wp-json\/wp\/v2\/types\/page"}],"author":[{"embeddable":true,"href":"https:\/\/artifact.swiss\/fr\/wp-json\/wp\/v2\/users\/1"}],"replies":[{"embeddable":true,"href":"https:\/\/artifact.swiss\/fr\/wp-json\/wp\/v2\/comments?post=585"}],"version-history":[{"count":5,"href":"https:\/\/artifact.swiss\/fr\/wp-json\/wp\/v2\/pages\/585\/revisions"}],"predecessor-version":[{"id":897,"href":"https:\/\/artifact.swiss\/fr\/wp-json\/wp\/v2\/pages\/585\/revisions\/897"}],"wp:attachment":[{"href":"https:\/\/artifact.swiss\/fr\/wp-json\/wp\/v2\/media?parent=585"}],"curies":[{"name":"wp","href":"https:\/\/api.w.org\/{rel}","templated":true}]}}