{"id":1422,"date":"2025-10-21T18:57:09","date_gmt":"2025-10-21T16:57:09","guid":{"rendered":"https:\/\/artifact.swiss\/companygpt\/"},"modified":"2025-11-06T22:34:42","modified_gmt":"2025-11-06T21:34:42","slug":"companygpt","status":"publish","type":"page","link":"https:\/\/artifact.swiss\/fr\/companygpt\/","title":{"rendered":"CompanyGPT"},"content":{"rendered":"","protected":false},"excerpt":{"rendered":"","protected":false},"author":1,"featured_media":0,"parent":0,"menu_order":0,"comment_status":"closed","ping_status":"closed","template":"","meta":{"_acf_changed":false,"inline_featured_image":false,"footnotes":""},"class_list":["post-1422","page","type-page","status-publish","hentry"],"acf":[],"yoast_head":"<!-- This site is optimized with the Yoast SEO plugin v26.5 - https:\/\/yoast.com\/wordpress\/plugins\/seo\/ -->\n<title>CompanyGPT - Artifact<\/title>\n<meta name=\"description\" content=\"CompanyGPT par Artifact \u2013 une plateforme GenAI s\u00e9curis\u00e9e, flexible et \u00e9volutive, con\u00e7ue pour les entreprises. D\u00e9ployez-la dans votre environnement et adaptez-la \u00e0 vos besoins.\" \/>\n<meta name=\"robots\" content=\"index, follow, max-snippet:-1, max-image-preview:large, max-video-preview:-1\" \/>\n<link rel=\"canonical\" href=\"https:\/\/artifact.swiss\/fr\/companygpt\/\" \/>\n<meta property=\"og:locale\" content=\"fr_FR\" \/>\n<meta property=\"og:type\" content=\"article\" \/>\n<meta property=\"og:title\" content=\"CompanyGPT - Artifact\" \/>\n<meta property=\"og:description\" content=\"CompanyGPT par Artifact \u2013 une plateforme GenAI s\u00e9curis\u00e9e, flexible et \u00e9volutive, con\u00e7ue pour les entreprises. D\u00e9ployez-la dans votre environnement et adaptez-la \u00e0 vos besoins.\" \/>\n<meta property=\"og:url\" content=\"https:\/\/artifact.swiss\/fr\/companygpt\/\" \/>\n<meta property=\"og:site_name\" content=\"Artifact\" \/>\n<meta property=\"article:modified_time\" content=\"2025-11-06T21:34:42+00:00\" \/>\n<meta property=\"og:image\" content=\"https:\/\/artifact.swiss\/wp-content\/uploads\/2024\/06\/img_1200x675.png\" \/>\n\t<meta property=\"og:image:width\" content=\"1200\" \/>\n\t<meta property=\"og:image:height\" content=\"675\" \/>\n\t<meta property=\"og:image:type\" content=\"image\/png\" \/>\n<meta name=\"twitter:card\" content=\"summary_large_image\" \/>\n<script type=\"application\/ld+json\" class=\"yoast-schema-graph\">{\"@context\":\"https:\/\/schema.org\",\"@graph\":[{\"@type\":\"WebPage\",\"@id\":\"https:\/\/artifact.swiss\/fr\/companygpt\/\",\"url\":\"https:\/\/artifact.swiss\/fr\/companygpt\/\",\"name\":\"CompanyGPT - Artifact\",\"isPartOf\":{\"@id\":\"https:\/\/artifact.swiss\/fr\/#website\"},\"datePublished\":\"2025-10-21T16:57:09+00:00\",\"dateModified\":\"2025-11-06T21:34:42+00:00\",\"description\":\"CompanyGPT par Artifact \u2013 une plateforme GenAI s\u00e9curis\u00e9e, flexible et \u00e9volutive, con\u00e7ue pour les entreprises. D\u00e9ployez-la dans votre environnement et adaptez-la \u00e0 vos besoins.\",\"breadcrumb\":{\"@id\":\"https:\/\/artifact.swiss\/fr\/companygpt\/#breadcrumb\"},\"inLanguage\":\"fr-FR\",\"potentialAction\":[{\"@type\":\"ReadAction\",\"target\":[\"https:\/\/artifact.swiss\/fr\/companygpt\/\"]}]},{\"@type\":\"BreadcrumbList\",\"@id\":\"https:\/\/artifact.swiss\/fr\/companygpt\/#breadcrumb\",\"itemListElement\":[{\"@type\":\"ListItem\",\"position\":1,\"name\":\"Startseite\",\"item\":\"https:\/\/artifact.swiss\/fr\/\"},{\"@type\":\"ListItem\",\"position\":2,\"name\":\"CompanyGPT\"}]},{\"@type\":\"WebSite\",\"@id\":\"https:\/\/artifact.swiss\/fr\/#website\",\"url\":\"https:\/\/artifact.swiss\/fr\/\",\"name\":\"Artifact Swiss\",\"description\":\"Artifact\",\"publisher\":{\"@id\":\"https:\/\/artifact.swiss\/fr\/#organization\"},\"alternateName\":\"Artifact Swiss\",\"inLanguage\":\"fr-FR\"},{\"@type\":\"Organization\",\"@id\":\"https:\/\/artifact.swiss\/fr\/#organization\",\"name\":\"Artifact Swiss\",\"alternateName\":\"Artifact Swiss\",\"url\":\"https:\/\/artifact.swiss\/fr\/\",\"logo\":{\"@type\":\"ImageObject\",\"inLanguage\":\"fr-FR\",\"@id\":\"https:\/\/artifact.swiss\/fr\/#\/schema\/logo\/image\/\",\"url\":\"https:\/\/artifact.swiss\/wp-content\/uploads\/2024\/06\/img_696x696.png\",\"contentUrl\":\"https:\/\/artifact.swiss\/wp-content\/uploads\/2024\/06\/img_696x696.png\",\"width\":696,\"height\":696,\"caption\":\"Artifact Swiss\"},\"image\":{\"@id\":\"https:\/\/artifact.swiss\/fr\/#\/schema\/logo\/image\/\"},\"sameAs\":[\"https:\/\/ch.linkedin.com\/company\/artifactswiss\"]}]}<\/script>\n<!-- \/ Yoast SEO plugin. -->","yoast_head_json":{"title":"CompanyGPT - Artifact","description":"CompanyGPT par Artifact \u2013 une plateforme GenAI s\u00e9curis\u00e9e, flexible et \u00e9volutive, con\u00e7ue pour les entreprises. D\u00e9ployez-la dans votre environnement et adaptez-la \u00e0 vos besoins.","robots":{"index":"index","follow":"follow","max-snippet":"max-snippet:-1","max-image-preview":"max-image-preview:large","max-video-preview":"max-video-preview:-1"},"canonical":"https:\/\/artifact.swiss\/fr\/companygpt\/","og_locale":"fr_FR","og_type":"article","og_title":"CompanyGPT - Artifact","og_description":"CompanyGPT par Artifact \u2013 une plateforme GenAI s\u00e9curis\u00e9e, flexible et \u00e9volutive, con\u00e7ue pour les entreprises. D\u00e9ployez-la dans votre environnement et adaptez-la \u00e0 vos besoins.","og_url":"https:\/\/artifact.swiss\/fr\/companygpt\/","og_site_name":"Artifact","article_modified_time":"2025-11-06T21:34:42+00:00","og_image":[{"width":1200,"height":675,"url":"https:\/\/artifact.swiss\/wp-content\/uploads\/2024\/06\/img_1200x675.png","type":"image\/png"}],"twitter_card":"summary_large_image","schema":{"@context":"https:\/\/schema.org","@graph":[{"@type":"WebPage","@id":"https:\/\/artifact.swiss\/fr\/companygpt\/","url":"https:\/\/artifact.swiss\/fr\/companygpt\/","name":"CompanyGPT - Artifact","isPartOf":{"@id":"https:\/\/artifact.swiss\/fr\/#website"},"datePublished":"2025-10-21T16:57:09+00:00","dateModified":"2025-11-06T21:34:42+00:00","description":"CompanyGPT par Artifact \u2013 une plateforme GenAI s\u00e9curis\u00e9e, flexible et \u00e9volutive, con\u00e7ue pour les entreprises. D\u00e9ployez-la dans votre environnement et adaptez-la \u00e0 vos besoins.","breadcrumb":{"@id":"https:\/\/artifact.swiss\/fr\/companygpt\/#breadcrumb"},"inLanguage":"fr-FR","potentialAction":[{"@type":"ReadAction","target":["https:\/\/artifact.swiss\/fr\/companygpt\/"]}]},{"@type":"BreadcrumbList","@id":"https:\/\/artifact.swiss\/fr\/companygpt\/#breadcrumb","itemListElement":[{"@type":"ListItem","position":1,"name":"Startseite","item":"https:\/\/artifact.swiss\/fr\/"},{"@type":"ListItem","position":2,"name":"CompanyGPT"}]},{"@type":"WebSite","@id":"https:\/\/artifact.swiss\/fr\/#website","url":"https:\/\/artifact.swiss\/fr\/","name":"Artifact Swiss","description":"Artifact","publisher":{"@id":"https:\/\/artifact.swiss\/fr\/#organization"},"alternateName":"Artifact Swiss","inLanguage":"fr-FR"},{"@type":"Organization","@id":"https:\/\/artifact.swiss\/fr\/#organization","name":"Artifact Swiss","alternateName":"Artifact Swiss","url":"https:\/\/artifact.swiss\/fr\/","logo":{"@type":"ImageObject","inLanguage":"fr-FR","@id":"https:\/\/artifact.swiss\/fr\/#\/schema\/logo\/image\/","url":"https:\/\/artifact.swiss\/wp-content\/uploads\/2024\/06\/img_696x696.png","contentUrl":"https:\/\/artifact.swiss\/wp-content\/uploads\/2024\/06\/img_696x696.png","width":696,"height":696,"caption":"Artifact Swiss"},"image":{"@id":"https:\/\/artifact.swiss\/fr\/#\/schema\/logo\/image\/"},"sameAs":["https:\/\/ch.linkedin.com\/company\/artifactswiss"]}]}},"_links":{"self":[{"href":"https:\/\/artifact.swiss\/fr\/wp-json\/wp\/v2\/pages\/1422","targetHints":{"allow":["GET"]}}],"collection":[{"href":"https:\/\/artifact.swiss\/fr\/wp-json\/wp\/v2\/pages"}],"about":[{"href":"https:\/\/artifact.swiss\/fr\/wp-json\/wp\/v2\/types\/page"}],"author":[{"embeddable":true,"href":"https:\/\/artifact.swiss\/fr\/wp-json\/wp\/v2\/users\/1"}],"replies":[{"embeddable":true,"href":"https:\/\/artifact.swiss\/fr\/wp-json\/wp\/v2\/comments?post=1422"}],"version-history":[{"count":3,"href":"https:\/\/artifact.swiss\/fr\/wp-json\/wp\/v2\/pages\/1422\/revisions"}],"predecessor-version":[{"id":1546,"href":"https:\/\/artifact.swiss\/fr\/wp-json\/wp\/v2\/pages\/1422\/revisions\/1546"}],"wp:attachment":[{"href":"https:\/\/artifact.swiss\/fr\/wp-json\/wp\/v2\/media?parent=1422"}],"curies":[{"name":"wp","href":"https:\/\/api.w.org\/{rel}","templated":true}]}}