{"id":7,"date":"2024-03-21T10:20:01","date_gmt":"2024-03-21T09:20:01","guid":{"rendered":"https:\/\/artifact.swiss\/?page_id=7"},"modified":"2026-02-18T10:16:12","modified_gmt":"2026-02-18T09:16:12","slug":"start","status":"publish","type":"page","link":"https:\/\/artifact.swiss\/de\/","title":{"rendered":"Startseite"},"content":{"rendered":"","protected":false},"excerpt":{"rendered":"","protected":false},"author":1,"featured_media":0,"parent":0,"menu_order":0,"comment_status":"closed","ping_status":"closed","template":"","meta":{"_acf_changed":false,"inline_featured_image":false,"footnotes":""},"class_list":["post-7","page","type-page","status-publish","hentry"],"acf":[],"yoast_head":"<!-- This site is optimized with the Yoast SEO plugin v26.5 - https:\/\/yoast.com\/wordpress\/plugins\/seo\/ -->\n<title>Startseite - Artifact<\/title>\n<meta name=\"description\" content=\"Wir implementieren massgeschneiderte KI-L\u00f6sungen, die Qualit\u00e4t, Skalierbarkeit, Geschwindigkeit und Flexibilit\u00e4t vereinen.\" \/>\n<meta name=\"robots\" content=\"index, follow, max-snippet:-1, max-image-preview:large, max-video-preview:-1\" \/>\n<link rel=\"canonical\" href=\"https:\/\/artifact.swiss\/de\/\" \/>\n<meta property=\"og:locale\" content=\"de_DE\" \/>\n<meta property=\"og:type\" content=\"article\" \/>\n<meta property=\"og:title\" content=\"Startseite - Artifact\" \/>\n<meta property=\"og:description\" content=\"Wir implementieren massgeschneiderte KI-L\u00f6sungen, die Qualit\u00e4t, Skalierbarkeit, Geschwindigkeit und Flexibilit\u00e4t vereinen.\" \/>\n<meta property=\"og:url\" content=\"https:\/\/artifact.swiss\/de\/\" \/>\n<meta property=\"og:site_name\" content=\"Artifact\" \/>\n<meta property=\"article:modified_time\" content=\"2026-02-18T09:16:12+00:00\" \/>\n<meta property=\"og:image\" content=\"https:\/\/artifact.swiss\/wp-content\/uploads\/2024\/06\/img_1200x675.png\" \/>\n\t<meta property=\"og:image:width\" content=\"1200\" \/>\n\t<meta property=\"og:image:height\" content=\"675\" \/>\n\t<meta property=\"og:image:type\" content=\"image\/png\" \/>\n<meta name=\"twitter:card\" content=\"summary_large_image\" \/>\n<script type=\"application\/ld+json\" class=\"yoast-schema-graph\">{\"@context\":\"https:\/\/schema.org\",\"@graph\":[{\"@type\":\"WebPage\",\"@id\":\"https:\/\/artifact.swiss\/de\/\",\"url\":\"https:\/\/artifact.swiss\/de\/\",\"name\":\"Startseite - Artifact\",\"isPartOf\":{\"@id\":\"https:\/\/artifact.swiss\/de\/#website\"},\"datePublished\":\"2024-03-21T09:20:01+00:00\",\"dateModified\":\"2026-02-18T09:16:12+00:00\",\"description\":\"Wir implementieren massgeschneiderte KI-L\u00f6sungen, die Qualit\u00e4t, Skalierbarkeit, Geschwindigkeit und Flexibilit\u00e4t vereinen.\",\"breadcrumb\":{\"@id\":\"https:\/\/artifact.swiss\/de\/#breadcrumb\"},\"inLanguage\":\"de\",\"potentialAction\":[{\"@type\":\"ReadAction\",\"target\":[\"https:\/\/artifact.swiss\/de\/\"]}]},{\"@type\":\"BreadcrumbList\",\"@id\":\"https:\/\/artifact.swiss\/de\/#breadcrumb\",\"itemListElement\":[{\"@type\":\"ListItem\",\"position\":1,\"name\":\"Startseite\",\"item\":\"https:\/\/artifact.swiss\/de\/\"},{\"@type\":\"ListItem\",\"position\":2,\"name\":\"Startseite\"}]},{\"@type\":\"WebSite\",\"@id\":\"https:\/\/artifact.swiss\/de\/#website\",\"url\":\"https:\/\/artifact.swiss\/de\/\",\"name\":\"Artifact Swiss\",\"description\":\"Artifact\",\"publisher\":{\"@id\":\"https:\/\/artifact.swiss\/de\/#organization\"},\"alternateName\":\"Artifact Swiss\",\"inLanguage\":\"de\"},{\"@type\":\"Organization\",\"@id\":\"https:\/\/artifact.swiss\/de\/#organization\",\"name\":\"Artifact Swiss\",\"alternateName\":\"Artifact Swiss\",\"url\":\"https:\/\/artifact.swiss\/de\/\",\"logo\":{\"@type\":\"ImageObject\",\"inLanguage\":\"de\",\"@id\":\"https:\/\/artifact.swiss\/de\/#\/schema\/logo\/image\/\",\"url\":\"https:\/\/artifact.swiss\/wp-content\/uploads\/2024\/06\/img_696x696.png\",\"contentUrl\":\"https:\/\/artifact.swiss\/wp-content\/uploads\/2024\/06\/img_696x696.png\",\"width\":696,\"height\":696,\"caption\":\"Artifact Swiss\"},\"image\":{\"@id\":\"https:\/\/artifact.swiss\/de\/#\/schema\/logo\/image\/\"},\"sameAs\":[\"https:\/\/ch.linkedin.com\/company\/artifactswiss\"]}]}<\/script>\n<!-- \/ Yoast SEO plugin. -->","yoast_head_json":{"title":"Startseite - Artifact","description":"Wir implementieren massgeschneiderte KI-L\u00f6sungen, die Qualit\u00e4t, Skalierbarkeit, Geschwindigkeit und Flexibilit\u00e4t vereinen.","robots":{"index":"index","follow":"follow","max-snippet":"max-snippet:-1","max-image-preview":"max-image-preview:large","max-video-preview":"max-video-preview:-1"},"canonical":"https:\/\/artifact.swiss\/de\/","og_locale":"de_DE","og_type":"article","og_title":"Startseite - Artifact","og_description":"Wir implementieren massgeschneiderte KI-L\u00f6sungen, die Qualit\u00e4t, Skalierbarkeit, Geschwindigkeit und Flexibilit\u00e4t vereinen.","og_url":"https:\/\/artifact.swiss\/de\/","og_site_name":"Artifact","article_modified_time":"2026-02-18T09:16:12+00:00","og_image":[{"width":1200,"height":675,"url":"https:\/\/artifact.swiss\/wp-content\/uploads\/2024\/06\/img_1200x675.png","type":"image\/png"}],"twitter_card":"summary_large_image","schema":{"@context":"https:\/\/schema.org","@graph":[{"@type":"WebPage","@id":"https:\/\/artifact.swiss\/de\/","url":"https:\/\/artifact.swiss\/de\/","name":"Startseite - Artifact","isPartOf":{"@id":"https:\/\/artifact.swiss\/de\/#website"},"datePublished":"2024-03-21T09:20:01+00:00","dateModified":"2026-02-18T09:16:12+00:00","description":"Wir implementieren massgeschneiderte KI-L\u00f6sungen, die Qualit\u00e4t, Skalierbarkeit, Geschwindigkeit und Flexibilit\u00e4t vereinen.","breadcrumb":{"@id":"https:\/\/artifact.swiss\/de\/#breadcrumb"},"inLanguage":"de","potentialAction":[{"@type":"ReadAction","target":["https:\/\/artifact.swiss\/de\/"]}]},{"@type":"BreadcrumbList","@id":"https:\/\/artifact.swiss\/de\/#breadcrumb","itemListElement":[{"@type":"ListItem","position":1,"name":"Startseite","item":"https:\/\/artifact.swiss\/de\/"},{"@type":"ListItem","position":2,"name":"Startseite"}]},{"@type":"WebSite","@id":"https:\/\/artifact.swiss\/de\/#website","url":"https:\/\/artifact.swiss\/de\/","name":"Artifact Swiss","description":"Artifact","publisher":{"@id":"https:\/\/artifact.swiss\/de\/#organization"},"alternateName":"Artifact Swiss","inLanguage":"de"},{"@type":"Organization","@id":"https:\/\/artifact.swiss\/de\/#organization","name":"Artifact Swiss","alternateName":"Artifact Swiss","url":"https:\/\/artifact.swiss\/de\/","logo":{"@type":"ImageObject","inLanguage":"de","@id":"https:\/\/artifact.swiss\/de\/#\/schema\/logo\/image\/","url":"https:\/\/artifact.swiss\/wp-content\/uploads\/2024\/06\/img_696x696.png","contentUrl":"https:\/\/artifact.swiss\/wp-content\/uploads\/2024\/06\/img_696x696.png","width":696,"height":696,"caption":"Artifact Swiss"},"image":{"@id":"https:\/\/artifact.swiss\/de\/#\/schema\/logo\/image\/"},"sameAs":["https:\/\/ch.linkedin.com\/company\/artifactswiss"]}]}},"_links":{"self":[{"href":"https:\/\/artifact.swiss\/de\/wp-json\/wp\/v2\/pages\/7","targetHints":{"allow":["GET"]}}],"collection":[{"href":"https:\/\/artifact.swiss\/de\/wp-json\/wp\/v2\/pages"}],"about":[{"href":"https:\/\/artifact.swiss\/de\/wp-json\/wp\/v2\/types\/page"}],"author":[{"embeddable":true,"href":"https:\/\/artifact.swiss\/de\/wp-json\/wp\/v2\/users\/1"}],"replies":[{"embeddable":true,"href":"https:\/\/artifact.swiss\/de\/wp-json\/wp\/v2\/comments?post=7"}],"version-history":[{"count":31,"href":"https:\/\/artifact.swiss\/de\/wp-json\/wp\/v2\/pages\/7\/revisions"}],"predecessor-version":[{"id":1727,"href":"https:\/\/artifact.swiss\/de\/wp-json\/wp\/v2\/pages\/7\/revisions\/1727"}],"wp:attachment":[{"href":"https:\/\/artifact.swiss\/de\/wp-json\/wp\/v2\/media?parent=7"}],"curies":[{"name":"wp","href":"https:\/\/api.w.org\/{rel}","templated":true}]}}